{"id":21,"date":"2020-04-09T07:05:25","date_gmt":"2020-04-09T07:05:25","guid":{"rendered":"http:\/\/dr-kandulski.de\/?page_id=21"},"modified":"2025-09-29T21:13:04","modified_gmt":"2025-09-29T21:13:04","slug":"duplexsonographie","status":"publish","type":"page","link":"https:\/\/dr-kandulski.de\/?page_id=21","title":{"rendered":"Doppler-\/Duplexsonographie der extra- und transkraniellen hirnversorgenden Gef\u00e4\u00dfe"},"content":{"rendered":"\n<p>Die duplexsonographische Untersuchung der hirnversorgenden Gef\u00e4\u00dfe stellt ein nicht-invasives Verfahren zur Detektion und Graduierung arteriosklerotischer Ver\u00e4nderungen hirnversorgender Gef\u00e4\u00dfe dar. <\/p>\n","protected":false},"excerpt":{"rendered":"<p>Die duplexsonographische Untersuchung der hirnversorgenden Gef\u00e4\u00dfe stellt ein nicht-invasives Verfahren zur Detektion und Graduierung arteriosklerotischer Ver\u00e4nderungen hirnversorgender Gef\u00e4\u00dfe dar.<\/p>\n","protected":false},"author":1,"featured_media":0,"parent":0,"menu_order":0,"comment_status":"closed","ping_status":"closed","template":"","meta":{"footnotes":""},"class_list":["post-21","page","type-page","status-publish","hentry"],"yoast_head":"<!-- This site is optimized with the Yoast SEO plugin v27.5 - https:\/\/yoast.com\/product\/yoast-seo-wordpress\/ -->\n<title>Doppler-\/Duplexsonographie der extra- und transkraniellen hirnversorgenden Gef\u00e4\u00dfe - Neurologische Praxis<\/title>\n<meta name=\"robots\" content=\"index, follow, max-snippet:-1, max-image-preview:large, max-video-preview:-1\" \/>\n<link rel=\"canonical\" href=\"https:\/\/dr-kandulski.de\/?page_id=21\" \/>\n<meta property=\"og:locale\" content=\"de_DE\" \/>\n<meta property=\"og:type\" content=\"article\" \/>\n<meta property=\"og:title\" content=\"Doppler-\/Duplexsonographie der extra- und transkraniellen hirnversorgenden Gef\u00e4\u00dfe - Neurologische Praxis\" \/>\n<meta property=\"og:description\" content=\"Die duplexsonographische Untersuchung der hirnversorgenden Gef\u00e4\u00dfe stellt ein nicht-invasives Verfahren zur Detektion und Graduierung arteriosklerotischer Ver\u00e4nderungen hirnversorgender Gef\u00e4\u00dfe dar.\" \/>\n<meta property=\"og:url\" content=\"https:\/\/dr-kandulski.de\/?page_id=21\" \/>\n<meta property=\"og:site_name\" content=\"Neurologische Praxis\" \/>\n<meta property=\"article:modified_time\" content=\"2025-09-29T21:13:04+00:00\" \/>\n<meta name=\"twitter:card\" content=\"summary_large_image\" \/>\n<meta name=\"twitter:label1\" content=\"Gesch\u00e4tzte Lesezeit\" \/>\n\t<meta name=\"twitter:data1\" content=\"1\u00a0Minute\" \/>\n<script type=\"application\/ld+json\" class=\"yoast-schema-graph\">{\"@context\":\"https:\\\/\\\/schema.org\",\"@graph\":[{\"@type\":\"WebPage\",\"@id\":\"https:\\\/\\\/dr-kandulski.de\\\/?page_id=21\",\"url\":\"https:\\\/\\\/dr-kandulski.de\\\/?page_id=21\",\"name\":\"Doppler-\\\/Duplexsonographie der extra- und transkraniellen hirnversorgenden Gef\u00e4\u00dfe - Neurologische Praxis\",\"isPartOf\":{\"@id\":\"https:\\\/\\\/dr-kandulski.de\\\/#website\"},\"datePublished\":\"2020-04-09T07:05:25+00:00\",\"dateModified\":\"2025-09-29T21:13:04+00:00\",\"breadcrumb\":{\"@id\":\"https:\\\/\\\/dr-kandulski.de\\\/?page_id=21#breadcrumb\"},\"inLanguage\":\"de\",\"potentialAction\":[{\"@type\":\"ReadAction\",\"target\":[\"https:\\\/\\\/dr-kandulski.de\\\/?page_id=21\"]}]},{\"@type\":\"BreadcrumbList\",\"@id\":\"https:\\\/\\\/dr-kandulski.de\\\/?page_id=21#breadcrumb\",\"itemListElement\":[{\"@type\":\"ListItem\",\"position\":1,\"name\":\"Startseite\",\"item\":\"https:\\\/\\\/dr-kandulski.de\\\/\"},{\"@type\":\"ListItem\",\"position\":2,\"name\":\"Doppler-\\\/Duplexsonographie der extra- und transkraniellen hirnversorgenden Gef\u00e4\u00dfe\"}]},{\"@type\":\"WebSite\",\"@id\":\"https:\\\/\\\/dr-kandulski.de\\\/#website\",\"url\":\"https:\\\/\\\/dr-kandulski.de\\\/\",\"name\":\"Neurologische Praxis - Dr. med. Ole Kandulski\",\"description\":\"Dr. med. Ole Kandulski\",\"publisher\":{\"@id\":\"https:\\\/\\\/dr-kandulski.de\\\/#\\\/schema\\\/person\\\/3daf4ee8b9ae40fe850335a543e5c773\"},\"potentialAction\":[{\"@type\":\"SearchAction\",\"target\":{\"@type\":\"EntryPoint\",\"urlTemplate\":\"https:\\\/\\\/dr-kandulski.de\\\/?s={search_term_string}\"},\"query-input\":{\"@type\":\"PropertyValueSpecification\",\"valueRequired\":true,\"valueName\":\"search_term_string\"}}],\"inLanguage\":\"de\"},{\"@type\":[\"Person\",\"Organization\"],\"@id\":\"https:\\\/\\\/dr-kandulski.de\\\/#\\\/schema\\\/person\\\/3daf4ee8b9ae40fe850335a543e5c773\",\"name\":\"Kandulski\",\"image\":{\"@type\":\"ImageObject\",\"inLanguage\":\"de\",\"@id\":\"https:\\\/\\\/secure.gravatar.com\\\/avatar\\\/3c3ef6b457501adaefef84f1dade5db87b7316a277939dbf94612c93e1bce0d5?s=96&d=mm&r=g\",\"url\":\"https:\\\/\\\/secure.gravatar.com\\\/avatar\\\/3c3ef6b457501adaefef84f1dade5db87b7316a277939dbf94612c93e1bce0d5?s=96&d=mm&r=g\",\"contentUrl\":\"https:\\\/\\\/secure.gravatar.com\\\/avatar\\\/3c3ef6b457501adaefef84f1dade5db87b7316a277939dbf94612c93e1bce0d5?s=96&d=mm&r=g\",\"caption\":\"Kandulski\"},\"logo\":{\"@id\":\"https:\\\/\\\/secure.gravatar.com\\\/avatar\\\/3c3ef6b457501adaefef84f1dade5db87b7316a277939dbf94612c93e1bce0d5?s=96&d=mm&r=g\"}}]}<\/script>\n<!-- \/ Yoast SEO plugin. -->","yoast_head_json":{"title":"Doppler-\/Duplexsonographie der extra- und transkraniellen hirnversorgenden Gef\u00e4\u00dfe - Neurologische Praxis","robots":{"index":"index","follow":"follow","max-snippet":"max-snippet:-1","max-image-preview":"max-image-preview:large","max-video-preview":"max-video-preview:-1"},"canonical":"https:\/\/dr-kandulski.de\/?page_id=21","og_locale":"de_DE","og_type":"article","og_title":"Doppler-\/Duplexsonographie der extra- und transkraniellen hirnversorgenden Gef\u00e4\u00dfe - Neurologische Praxis","og_description":"Die duplexsonographische Untersuchung der hirnversorgenden Gef\u00e4\u00dfe stellt ein nicht-invasives Verfahren zur Detektion und Graduierung arteriosklerotischer Ver\u00e4nderungen hirnversorgender Gef\u00e4\u00dfe dar.","og_url":"https:\/\/dr-kandulski.de\/?page_id=21","og_site_name":"Neurologische Praxis","article_modified_time":"2025-09-29T21:13:04+00:00","twitter_card":"summary_large_image","twitter_misc":{"Gesch\u00e4tzte Lesezeit":"1\u00a0Minute"},"schema":{"@context":"https:\/\/schema.org","@graph":[{"@type":"WebPage","@id":"https:\/\/dr-kandulski.de\/?page_id=21","url":"https:\/\/dr-kandulski.de\/?page_id=21","name":"Doppler-\/Duplexsonographie der extra- und transkraniellen hirnversorgenden Gef\u00e4\u00dfe - Neurologische Praxis","isPartOf":{"@id":"https:\/\/dr-kandulski.de\/#website"},"datePublished":"2020-04-09T07:05:25+00:00","dateModified":"2025-09-29T21:13:04+00:00","breadcrumb":{"@id":"https:\/\/dr-kandulski.de\/?page_id=21#breadcrumb"},"inLanguage":"de","potentialAction":[{"@type":"ReadAction","target":["https:\/\/dr-kandulski.de\/?page_id=21"]}]},{"@type":"BreadcrumbList","@id":"https:\/\/dr-kandulski.de\/?page_id=21#breadcrumb","itemListElement":[{"@type":"ListItem","position":1,"name":"Startseite","item":"https:\/\/dr-kandulski.de\/"},{"@type":"ListItem","position":2,"name":"Doppler-\/Duplexsonographie der extra- und transkraniellen hirnversorgenden Gef\u00e4\u00dfe"}]},{"@type":"WebSite","@id":"https:\/\/dr-kandulski.de\/#website","url":"https:\/\/dr-kandulski.de\/","name":"Neurologische Praxis - Dr. med. Ole Kandulski","description":"Dr. med. Ole Kandulski","publisher":{"@id":"https:\/\/dr-kandulski.de\/#\/schema\/person\/3daf4ee8b9ae40fe850335a543e5c773"},"potentialAction":[{"@type":"SearchAction","target":{"@type":"EntryPoint","urlTemplate":"https:\/\/dr-kandulski.de\/?s={search_term_string}"},"query-input":{"@type":"PropertyValueSpecification","valueRequired":true,"valueName":"search_term_string"}}],"inLanguage":"de"},{"@type":["Person","Organization"],"@id":"https:\/\/dr-kandulski.de\/#\/schema\/person\/3daf4ee8b9ae40fe850335a543e5c773","name":"Kandulski","image":{"@type":"ImageObject","inLanguage":"de","@id":"https:\/\/secure.gravatar.com\/avatar\/3c3ef6b457501adaefef84f1dade5db87b7316a277939dbf94612c93e1bce0d5?s=96&d=mm&r=g","url":"https:\/\/secure.gravatar.com\/avatar\/3c3ef6b457501adaefef84f1dade5db87b7316a277939dbf94612c93e1bce0d5?s=96&d=mm&r=g","contentUrl":"https:\/\/secure.gravatar.com\/avatar\/3c3ef6b457501adaefef84f1dade5db87b7316a277939dbf94612c93e1bce0d5?s=96&d=mm&r=g","caption":"Kandulski"},"logo":{"@id":"https:\/\/secure.gravatar.com\/avatar\/3c3ef6b457501adaefef84f1dade5db87b7316a277939dbf94612c93e1bce0d5?s=96&d=mm&r=g"}}]}},"_links":{"self":[{"href":"https:\/\/dr-kandulski.de\/index.php?rest_route=\/wp\/v2\/pages\/21","targetHints":{"allow":["GET"]}}],"collection":[{"href":"https:\/\/dr-kandulski.de\/index.php?rest_route=\/wp\/v2\/pages"}],"about":[{"href":"https:\/\/dr-kandulski.de\/index.php?rest_route=\/wp\/v2\/types\/page"}],"author":[{"embeddable":true,"href":"https:\/\/dr-kandulski.de\/index.php?rest_route=\/wp\/v2\/users\/1"}],"replies":[{"embeddable":true,"href":"https:\/\/dr-kandulski.de\/index.php?rest_route=%2Fwp%2Fv2%2Fcomments&post=21"}],"version-history":[{"count":10,"href":"https:\/\/dr-kandulski.de\/index.php?rest_route=\/wp\/v2\/pages\/21\/revisions"}],"predecessor-version":[{"id":364,"href":"https:\/\/dr-kandulski.de\/index.php?rest_route=\/wp\/v2\/pages\/21\/revisions\/364"}],"wp:attachment":[{"href":"https:\/\/dr-kandulski.de\/index.php?rest_route=%2Fwp%2Fv2%2Fmedia&parent=21"}],"curies":[{"name":"wp","href":"https:\/\/api.w.org\/{rel}","templated":true}]}}